{"id":7675,"date":"2025-02-05T18:13:02","date_gmt":"2025-02-05T18:13:02","guid":{"rendered":"https:\/\/widileads.com\/?page_id=7675"},"modified":"2025-02-05T18:13:02","modified_gmt":"2025-02-05T18:13:02","slug":"aviso-legal-2","status":"publish","type":"page","link":"https:\/\/widileads.com\/?page_id=7675","title":{"rendered":"Aviso Legal"},"content":{"rendered":"<p class=\"p1\"><span class=\"s1\"><b>Aviso Legal<\/b><\/span><\/p>\n<p class=\"p2\"><b>1. Aviso legal y aceptaci\u00f3n<\/b><\/p>\n<p class=\"p3\">Este Aviso Legal regula el acceso y utilizaci\u00f3n del portal de Internet correspondiente a \u2018\u2019ECOMM MOVADGENCY SL\u2019\u2019 para la venta de productos a trav\u00e9s sus p\u00e1ginas web, con domicilio en C\/ Dubl\u00edn, 1 Las Rozas, Madrid, 28232 y C.I.F. B87936753\u00a0, constituido por escritura p\u00fablica otorgada ante Notario P\u00fablico de Madrid, D\u00d1A. MARIA EUGENIA REVIRIEGO PIC\u00d3N, el 17 de octubre de 2017, con el n\u00famero 2.154 de su protocolo, e inscrita en el Registro Mercantil de Madrid, en el Tomo 36546, Folio145, P\u00e1gina no. M-656418, entrada 1 (en adelante, el &#8216;Ecomerzpro&#8217;), que pone a disposici\u00f3n de sus clientes a trav\u00e9s de https:\/\/ecomerzpro.net (en adelante, el \u201cPortal\u201d).<\/p>\n<p class=\"p3\">El acceso a la p\u00e1gina web es gratuito salvo en lo relativo al coste de la conexi\u00f3n a trav\u00e9s de la red de telecomunicaciones suministrada por el proveedor de acceso contratado por los usuarios. La utilizaci\u00f3n del Portal atribuye la condici\u00f3n de usuario del Portal (en adelante, el &#8216;Usuario&#8217;) e implica la aceptaci\u00f3n de todas las condiciones incluidas en este Aviso Legal.<\/p>\n<p class=\"p4\">La prestaci\u00f3n del servicio del Portal tiene una duraci\u00f3n limitada al momento en el que el Usuario se encuentre conectado al mismo o a alguno de los servicios que a trav\u00e9s del mismo se facilitan. Por tanto, el Usuario debe leer atentamente el presente Aviso Legal en cada una de las ocasiones en que se proponga utilizar el Portal, ya que \u00e9ste y sus condiciones de uso pueden sufrir modificaciones.<\/p>\n<p class=\"p2\"><b>2. Propiedad intelectual e industrial<\/b><\/p>\n<p class=\"p3\">Todos los contenidos del Portal, entendiendo por estos a t\u00edtulo meramente enunciativo los textos, fotograf\u00edas, gr\u00e1ficos, im\u00e1genes, iconos, tecnolog\u00eda, software, links y dem\u00e1s contenidos audiovisuales o sonoros, as\u00ed como su dise\u00f1o gr\u00e1fico y c\u00f3digos fuente (en adelante, los \u201cContenidos\u201d), son propiedad intelectual del Prestador de Servicios o de terceros, sin que puedan entenderse cedidos al Usuario ninguno de los derechos de explotaci\u00f3n reconocidos por la normativa vigente en materia de propiedad intelectual sobre los mismos, reconoci\u00e9ndose \u00fanicamente el mero uso de aquellos que resulten estrictamente necesarios para la utilizaci\u00f3n del Portal.<\/p>\n<p class=\"p3\">Las marcas, nombres comerciales o signos distintivos son titularidad del Prestador de Servicios o terceros, sin que pueda entenderse que el acceso al Portal atribuya ning\u00fan derecho sobre las citadas marcas, nombres comerciales y\/o signos distintivos.<\/p>\n<p class=\"p2\"><b>3. Condiciones de uso del portal<\/b><\/p>\n<p class=\"p6\"><b>3.1 General<\/b><b><\/b><\/p>\n<p class=\"p3\">El Usuario se obliga a hacer un uso correcto del Portal de conformidad con la Ley y el presente Aviso Legal. El Usuario responder\u00e1 frente al Prestador de Servicios o frente a terceros, de cualesquiera da\u00f1os y perjuicios que pudieran causarse como consecuencia del incumplimiento de dicha obligaci\u00f3n.<\/p>\n<p class=\"p3\">Queda expresamente prohibido el uso del Portal con fines lesivos para los bienes o intereses del Prestador de Servicios o de terceros, o que de cualquier otra forma sobrecarguen, da\u00f1en o inutilicen las redes, servidores y dem\u00e1s equipos inform\u00e1ticos (hardware) o productos y aplicaciones inform\u00e1ticas (software) del Prestador de Servicios o de terceros.<\/p>\n<p class=\"p6\"><b>3.2 Contenidos<\/b><b><\/b><\/p>\n<p class=\"p3\">El Usuario se compromete a utilizar los Contenidos de conformidad con la Ley y el presente Aviso Legal, as\u00ed como con las dem\u00e1s condiciones, reglamentos e instrucciones que en su caso pudieran ser de aplicaci\u00f3n.<\/p>\n<p class=\"p3\">Con car\u00e1cter meramente enunciativo, el Usuario de acuerdo con la legislaci\u00f3n vigente deber\u00e1 abstenerse de:<\/p>\n<ul class=\"ul1\">\n<li class=\"li7\"><span class=\"s3\">Reproducir, copiar, distribuir, poner a disposici\u00f3n, comunicar p\u00fablicamente, transformar o modificar los Contenidos salvo en los casos autorizados en la ley o expresamente consentidos por el Prestador de Servicios o por quien ostente la titularidad de los derechos de explotaci\u00f3n en su caso.<\/span><\/li>\n<li class=\"li7\"><span class=\"s3\">Reproducir o copiar para uso privado los Contenidos que puedan ser considerados como Software o Base de Datos de conformidad con la legislaci\u00f3n vigente en materia de propiedad intelectual, as\u00ed como su comunicaci\u00f3n p\u00fablica o puesta a disposici\u00f3n de terceros cuando estos actos impliquen necesariamente la reproducci\u00f3n por parte del Usuario o de un tercero.<\/span><\/li>\n<li class=\"li7\"><span class=\"s3\">Extraer y\/o reutilizar la totalidad o una parte sustancial de los Contenidos integrantes del Portal, as\u00ed como de las bases de datos que el Prestador de Servicios ponga a disposici\u00f3n de los Usuarios.<\/span><\/li>\n<\/ul>\n<p class=\"p6\"><b>3.3 Introducci\u00f3n de enlaces al Portal <\/b><b><\/b><\/p>\n<p class=\"p3\">El usuario de Internet que quiera introducir enlaces desde sus propias p\u00e1ginas web al Portal deber\u00e1 cumplir con las condiciones que se detallan a continuaci\u00f3n sin que el desconocimiento de las mismas evite las responsabilidades derivadas de la normativa que resulte aplicable.<\/p>\n<p class=\"p3\">El enlace \u00fanicamente vincular\u00e1 con la \u201chome page\u201d o p\u00e1gina principal del Portal pero no podr\u00e1 reproducirla de ninguna forma (inline links, copia de los textos, gr\u00e1ficos, etc.).<\/p>\n<p class=\"p3\">Quedar\u00e1 en todo caso prohibido,<span class=\"Apple-converted-space\">\u00a0 <\/span>de acuerdo con la legislaci\u00f3n aplicable y vigente en cada momento, establecer \u201cframes\u201d o marcos de cualquier tipo que envuelvan al Portal o permitan la visualizaci\u00f3n de los Contenidos a trav\u00e9s de direcciones de Internet distintas a las del Portal y, en cualquier caso, cuando se visualicen conjuntamente con contenidos ajenos al Portal de forma que: (I) produzca, o pueda producir, error, confusi\u00f3n o enga\u00f1o en los usuarios sobre la verdadera procedencia del servicio o Contenidos; (II) suponga un acto de comparaci\u00f3n o imitaci\u00f3n desleal; (III) sirva para aprovechar la reputaci\u00f3n de la marca y prestigio del Prestador de Servicios; o (IV) de cualquier otra forma resulte prohibido por la legislaci\u00f3n vigente.<\/p>\n<p class=\"p3\">No se realizar\u00e1, desde la p\u00e1gina que introduce el enlace, ning\u00fan tipo de manifestaci\u00f3n falsa, inexacta o incorrecta sobre el Prestador de Servicios, sus socios, empleados, clientes o sobre la calidad de los servicios que presta.<\/p>\n<p class=\"p3\">En ning\u00fan caso, se expresar\u00e1 en la p\u00e1gina donde se ubique el enlace que el Prestador de Servicios ha facilitado su consentimiento para la inserci\u00f3n del enlace o que de otra forma patrocina, colabora, verifica o supervisa los servicios del remitente.<\/p>\n<p class=\"p3\">Est\u00e1 prohibida la utilizaci\u00f3n de cualquier marca denominativa, gr\u00e1fica o mixta o cualquier otro signo distintivo del Prestador de Servicios, dentro de la p\u00e1gina del remitente, salvo en los casos permitidos por la ley o expresamente autorizados por el Prestador de Servicios, y siempre que se permita, en estos casos, un enlace directo con el Portal en la forma establecida en esta cl\u00e1usula.<\/p>\n<p class=\"p3\">La p\u00e1gina que establezca el enlace deber\u00e1 cumplir fielmente con la ley y no podr\u00e1 en ning\u00fan caso disponer o enlazar con contenidos propios o de terceros que: (I) sean il\u00edcitos, nocivos o contrarios a la moral y a las buenas costumbres (pornogr\u00e1ficos, violentos, racistas, etc.); (II) induzcan o puedan inducir en el Usuario la falsa concepci\u00f3n de que el Prestador de Servicios suscribe, respalda, se adhiere o de cualquier manera apoya, las ideas, manifestaciones o expresiones, l\u00edcitas o il\u00edcitas, del remitente; (III) resulten inapropiados o no pertinentes con la actividad del Prestador de Servicios en atenci\u00f3n al lugar, contenidos y tem\u00e1tica de la p\u00e1gina web del remitente.<\/p>\n<p class=\"p2\"><b>4. Exclusi\u00f3n de responsabilidad<\/b><\/p>\n<p class=\"p6\"><b>4.1 De la calidad del servicio<\/b><b><\/b><\/p>\n<p class=\"p3\">El acceso al Portal no implica la obligaci\u00f3n por parte del Prestador de Servicios de controlar la ausencia de virus, gusanos o cualquier otro elemento inform\u00e1tico da\u00f1ino. Corresponde al Usuario, en todo caso, la disponibilidad de herramientas adecuadas para la detecci\u00f3n y desinfecci\u00f3n de programas inform\u00e1ticos da\u00f1inos.<\/p>\n<p class=\"p3\">El Prestador de Servicios no se responsabiliza de los da\u00f1os producidos en los equipos inform\u00e1ticos de los Usuarios o de terceros durante la prestaci\u00f3n del servicio del Portal.<\/p>\n<p class=\"p6\"><b>4.2 De la disponibilidad del Servicio<\/b><\/p>\n<p class=\"p3\">El acceso al Portal requiere de servicios y suministros de terceros, incluidos el transporte a trav\u00e9s de redes de telecomunicaciones cuya fiabilidad, calidad, continuidad y funcionamiento no corresponde al Prestador de Servicios. Por consiguiente, los servicios provistos a trav\u00e9s del Portal pueden ser suspendidos, cancelados o resultar inaccesibles, con car\u00e1cter previo o simult\u00e1neo a la prestaci\u00f3n del servicio del Portal.<\/p>\n<p class=\"p3\">El Prestador de Servicios no responder\u00e1 en ning\u00fan caso de los da\u00f1os o perjuicios de cualquier tipo producidos para el Usuario, que traigan causa de fallos o desconexiones en las redes de telecomunicaciones que produzcan la suspensi\u00f3n, cancelaci\u00f3n o interrupci\u00f3n del servicio del Portal durante la prestaci\u00f3n del mismo o con car\u00e1cter previo.<\/p>\n<p class=\"p6\"><b>4.3 De los contenidos y servicios enlazados a trav\u00e9s del Portal<\/b><b><\/b><\/p>\n<p class=\"p3\">El servicio de acceso al Portal podr\u00eda incluir dispositivos t\u00e9cnicos de enlace, directorios e incluso instrumentos de b\u00fasqueda que permiten al Usuario acceder a otras p\u00e1ginas y portales de Internet (en adelante, &#8216;Sitios Enlazados&#8217;).<\/p>\n<p class=\"p3\">En estos casos, el Prestador de Servicios act\u00faa como prestador de servicios de intermediaci\u00f3n de conformidad con el art\u00edculo 17 de la Ley 34\/2002, de 12 de julio, de Servicios de la Sociedad de la Informaci\u00f3n y el Comercio Electr\u00f3nico (LSSI) y s\u00f3lo ser\u00e1 responsable de los contenidos y servicios suministrados en los Sitios Enlazados en la medida en que tenga conocimiento efectivo de la ilicitud de los mismos, y no haya desactivado el enlace con la diligencia debida.<\/p>\n<p class=\"p3\">En el supuesto de que el Usuario considere que existe un Sitio Enlazado con contenidos il\u00edcitos o inadecuados podr\u00e1 comunic\u00e1rselo al Prestador de Servicios de acuerdo con el procedimiento y los efectos establecidos en la Cl\u00e1usula 5, sin que en ning\u00fan caso esta comunicaci\u00f3n conlleve la obligaci\u00f3n de retirar el correspondiente enlace.<\/p>\n<p class=\"p3\">En ning\u00fan caso, la existencia de Sitios Enlazados debe presuponer la existencia de acuerdos con los responsables o titulares de los mismos, ni la recomendaci\u00f3n, promoci\u00f3n o identificaci\u00f3n del Prestador de Servicios con las manifestaciones, contenidos o servicios que provistos.<\/p>\n<p class=\"p3\">El Prestador de Servicios no conoce los contenidos y servicios de los Sitios Enlazados y por tanto no se hace responsable por los da\u00f1os producidos por la ilicitud, calidad, desactualizaci\u00f3n, indisponibilidad, error e inutilidad de los contenidos y\/o servicios de los Sitios Enlazados ni por cualquier otro da\u00f1o que no sea directamente imputable al Prestador de Servicios.<\/p>\n<p class=\"p2\"><b>5. Comunicaci\u00f3n de actividades de car\u00e1cter il\u00edcito e inadecuado<\/b><\/p>\n<p class=\"p3\">En el caso de que el Usuario o cualquier otro usuario de Internet tuviera conocimiento de que los Sitios Enlazados remiten a p\u00e1ginas cuyos contenidos o servicios son il\u00edcitos, nocivos, denigrantes, violentos o contrarios a la moral; o que alguna de la informaci\u00f3n incluida por los propios Usuarios, a trav\u00e9s de los servicios ofrecidos en el Portal, tienen una consideraci\u00f3n igual a la descrita anteriormente, Ud. podr\u00e1 ponerse en contacto con el Prestador de Servicios indicando los siguientes extremos:<\/p>\n<ul class=\"ul2\">\n<li class=\"li8\"><span class=\"s3\">Datos personales del comunicante: nombre, direcci\u00f3n, n\u00famero de tel\u00e9fono y direcci\u00f3n de correo electr\u00f3nico;<\/span><\/li>\n<li class=\"li8\"><span class=\"s3\">Descripci\u00f3n de los hechos que revelan el car\u00e1cter il\u00edcito o inadecuado del Sitio Enlazado;<\/span><\/li>\n<li class=\"li8\"><span class=\"s3\">En el supuesto de violaci\u00f3n de derechos, tales como propiedad intelectual e industrial, los datos personales del titular del derecho infringido cuando sea persona distinta del comunicante. Asimismo, deber\u00e1 aportar el t\u00edtulo que acredite la legitimaci\u00f3n del titular de los derechos y, en su caso, el de representaci\u00f3n para actuar por cuenta del titular cuando sea persona distinta del comunicante;<\/span><\/li>\n<li class=\"li8\"><span class=\"s3\">Declaraci\u00f3n expresa de que la informaci\u00f3n contenida en la reclamaci\u00f3n es exacta.<\/span><\/li>\n<\/ul>\n<p class=\"p3\">Si no se suministrase la informaci\u00f3n arriba indicada, no podr\u00e1 considerarse la concurrencia del conocimiento efectivo, seg\u00fan lo dispuesto en la LSSI, de las actividades y\/o contenidos indicados por el comunicante.<\/p>\n<p class=\"p2\"><b>6. Legislaci\u00f3n<\/b><\/p>\n<p class=\"p3\">El presente Aviso Legal se rige en todos y cada uno de sus extremos por la legislaci\u00f3n espa\u00f1ola, y en caso de que fuera necesario, se someter\u00e1 a los Tribunales de Madrid.<\/p>\n","protected":false},"excerpt":{"rendered":"<p>Aviso Legal 1. Aviso legal y aceptaci\u00f3n Este Aviso Legal regula el acceso y utilizaci\u00f3n del portal de Internet correspondiente [&hellip;]<\/p>\n","protected":false},"author":1,"featured_media":0,"parent":0,"menu_order":0,"comment_status":"closed","ping_status":"closed","template":"","meta":{"footnotes":""},"class_list":["post-7675","page","type-page","status-publish","hentry"],"_links":{"self":[{"href":"https:\/\/widileads.com\/index.php?rest_route=\/wp\/v2\/pages\/7675","targetHints":{"allow":["GET"]}}],"collection":[{"href":"https:\/\/widileads.com\/index.php?rest_route=\/wp\/v2\/pages"}],"about":[{"href":"https:\/\/widileads.com\/index.php?rest_route=\/wp\/v2\/types\/page"}],"author":[{"embeddable":true,"href":"https:\/\/widileads.com\/index.php?rest_route=\/wp\/v2\/users\/1"}],"replies":[{"embeddable":true,"href":"https:\/\/widileads.com\/index.php?rest_route=%2Fwp%2Fv2%2Fcomments&post=7675"}],"version-history":[{"count":1,"href":"https:\/\/widileads.com\/index.php?rest_route=\/wp\/v2\/pages\/7675\/revisions"}],"predecessor-version":[{"id":7676,"href":"https:\/\/widileads.com\/index.php?rest_route=\/wp\/v2\/pages\/7675\/revisions\/7676"}],"wp:attachment":[{"href":"https:\/\/widileads.com\/index.php?rest_route=%2Fwp%2Fv2%2Fmedia&parent=7675"}],"curies":[{"name":"wp","href":"https:\/\/api.w.org\/{rel}","templated":true}]}}