{"id":7669,"date":"2025-02-05T18:08:21","date_gmt":"2025-02-05T18:08:21","guid":{"rendered":"https:\/\/widileads.com\/?page_id=7669"},"modified":"2025-02-05T18:11:04","modified_gmt":"2025-02-05T18:11:04","slug":"politica-de-cookies","status":"publish","type":"page","link":"https:\/\/widileads.com\/?page_id=7669","title":{"rendered":"Pol\u00edtica de Cookies"},"content":{"rendered":"<p>[vc_row][vc_column][vc_column_text]<\/p>\n<p class=\"p4\"><span class=\"s1\"><b>Panel de consentimiento<\/b><b><\/b><\/span><\/p>\n<p class=\"p5\"><b>Informaci\u00f3n general sobre las cookies <\/b><\/p>\n<p class=\"p7\">ECOMM MOVADGENCY SL con domicilio en C\/ Dubl\u00edn, 1 Las Rozas, Madrid, 28232 y C.I.F. B87936753\u00a0, constituido por escritura p\u00fablica otorgada ante Notario P\u00fablico de Madrid, D\u00d1A. MARIA EUGENIA REVIRIEGO PIC\u00d3N, el 17 de octubre de 2017, con el n\u00famero 2.154 de su protocolo, e inscrita en el Registro Mercantil de Madrid, en el Tomo 36546, Folio145, P\u00e1gina no. M-656418, entrada 1 <span class=\"s2\">el editor y titular de este sitio web que utiliza cookies, tanto propias como de terceros, con la finalidad de medir y obtener datos estad\u00edsticos de la navegaci\u00f3n de los usuarios, as\u00ed como tambi\u00e9n mostrarle publicidad personalizada en base a un perfil elaborado a partir de sus h\u00e1bitos de navegaci\u00f3n (por ejemplo, p\u00e1ginas visitadas)<\/span><\/p>\n<p class=\"p5\"><b>\u00bfQu\u00e9 son las cookies?<\/b><\/p>\n<p class=\"p9\">Con car\u00e1cter general le informamos que las cookies son un peque\u00f1o archivo enviado por el servidor al ordenador del usuario consistente en ficheros de texto que se almacenan en la memoria del ordenador y que recogen informaci\u00f3n relativa a la p\u00e1gina que se visitan, el tiempo de conexi\u00f3n a Internet, etc.<\/p>\n<p class=\"p9\">Las cookies no pueden leer datos de su disco duro ni leer los archivos cookies creados por otros proveedores. Los logs son unos archivos almacenados en el servidor del Editor que registran informaci\u00f3n sobre su navegaci\u00f3n y que tienen por finalidad analizar el funcionamiento del sistema, localizar las incidencias y problemas que puedan surgir y solventarlos en el menor plazo posible, seguirle ofreciendo los servicios que solicita, conocer mejor sus preferencias y ofrecerle otros servicios que puedan adecuarse a sus gustos.<\/p>\n<p class=\"p5\"><b>Descripci\u00f3n de las tipolog\u00edas de cookies habitualmente utilizadas en internet<\/b><\/p>\n<p class=\"p9\">A continuaci\u00f3n, exponemos una clasificaci\u00f3n de las cookies habitualmente utilizadas, atendiendo a distintas tipolog\u00edas en funci\u00f3n de su responsable, el tiempo de permanencia y la finalidad de su uso:<\/p>\n<ol class=\"ol1\">\n<li class=\"li9\"><span class=\"s1\">Tipos de cookies seg\u00fan la entidad que las gestione <\/span>(<i>Puede obtener informaci\u00f3n adicional en el apartado \u201c<\/i><span class=\"s3\"><b><i>Informaci\u00f3n detallada sobre las cookies utilizadas y sobre quienes la utilizan\u201d)<\/i><\/b><\/span><i>:<\/i>\n<ol class=\"ol1\">\n<li><span class=\"s1\">Cookies propias:<\/span> Son aqu\u00e9llas que se env\u00edan al equipo terminal del usuario desde un equipo o dominio gestionado por el propio editor y desde el que se presta el servicio solicitado por el usuario.<\/li>\n<li class=\"li9\"><span class=\"s1\">Cookies de terceros:<\/span> Son aqu\u00e9llas que se env\u00edan al equipo terminal del usuario desde un equipo o dominio que no es gestionado por el Editor de la web, sino por otra entidad que trata los datos obtenidos trav\u00e9s de las cookies, que son los que deciden sobre su contenido, finalidad y uso de los datos<\/li>\n<\/ol>\n<\/li>\n<li class=\"li9\"><span class=\"s1\">Tipos de cookies seg\u00fan el plazo de tiempo que permanecen activadas:<\/span>\n<ol class=\"ol1\">\n<li class=\"li9\"><span class=\"s1\">Cookies de sesi\u00f3n:<\/span> Son un tipo de cookies dise\u00f1adas para recabar y almacenar datos mientras el usuario accede a una p\u00e1gina web. Se suelen emplear para almacenar informaci\u00f3n que solo interesa conservar para la prestaci\u00f3n del servicio solicitado por el usuario en una sola ocasi\u00f3n (p.e. una lista de productos adquiridos) y desaparecen al terminar la sesi\u00f3n.<\/li>\n<li class=\"li9\"><span class=\"s1\">Cookies persistentes<\/span>: Son aquellas en la que los datos siguen almacenados en el terminal y pueden ser accedidos y tratados durante un periodo definido por el responsable de la cookie, y que puede ir de unos minutos a varios a\u00f1os.<\/li>\n<\/ol>\n<\/li>\n<li class=\"li9\">Tipos de cookies seg\u00fan su finalidad:\n<ol class=\"ol1\">\n<li class=\"li9\"><span class=\"s1\">Cookies t\u00e9cnicas o necesarias<\/span>: Son aquellas que permiten al usuario la navegaci\u00f3n a trav\u00e9s de una p\u00e1gina web, plataforma o aplicaci\u00f3n y la utilizaci\u00f3n de las diferentes opciones o servicios que en ella existan como, por ejemplo, controlar el tr\u00e1fico y la comunicaci\u00f3n de datos, identificar la sesi\u00f3n, acceder a partes de acceso restringido, recordar los elementos que integran un pedido, realizar el proceso de compra de un pedido, realizar la solicitud de inscripci\u00f3n o participaci\u00f3n en un evento, utilizar elementos de seguridad durante la navegaci\u00f3n, almacenar contenidos para la difusi\u00f3n de v\u00eddeos o sonido, habilitar contenidos din\u00e1micos (por ejemplo, animaci\u00f3n de carga de un texto o imagen) o compartir contenidos a trav\u00e9s de redes sociales.<\/li>\n<li class=\"li9\"><span class=\"s1\">Cookies de preferencia o personalizaci\u00f3n:<\/span> Son aqu\u00e9llas que permiten al usuario acceder al servicio con algunas caracter\u00edsticas de car\u00e1cter general predefinidas en funci\u00f3n de una serie de criterios en el terminal del usuario como por ejemplo serian el idioma, el tipo de navegador a trav\u00e9s del cual accede al servicio, la configuraci\u00f3n regional desde donde accede al servicio, etc.<\/li>\n<li class=\"li9\"><span class=\"s1\">Cookies de an\u00e1lisis o medici\u00f3n:<\/span> Son aqu\u00e9llas que permiten al Editor de las mismas, el seguimiento y an\u00e1lisis del comportamiento de los usuarios de los sitios web a los que est\u00e1n vinculadas. La informaci\u00f3n recogida mediante este tipo de cookies se utiliza en la medici\u00f3n de la actividad de los sitios web, aplicaci\u00f3n o plataforma y para la elaboraci\u00f3n de perfiles de navegaci\u00f3n de los usuarios de dichos sitios, aplicaciones y plataformas, con el fin de introducir mejoras en funci\u00f3n del an\u00e1lisis de los datos de uso que hacen los usuarios del servicio.<\/li>\n<li class=\"li9\"><span class=\"s1\">Cookies de publicidad:<\/span> Son aquellas que almacenan informaci\u00f3n del comportamiento de los usuarios obtenida a trav\u00e9s de la observaci\u00f3n continuada de sus h\u00e1bitos de navegaci\u00f3n, lo que permite desarrollar un perfil espec\u00edfico para mostrar publicidad en funci\u00f3n del mismo<\/li>\n<\/ol>\n<\/li>\n<\/ol>\n<p class=\"p2\"><span class=\"s1\"><b>Informaci\u00f3n sobre el tipo de cookies que se utilizan en el Portal<\/b><\/span><\/p>\n<p class=\"p5\"><b>Informaci\u00f3n detallada sobre las cookies utilizadas y sobre quienes la utilizan<\/b><\/p>\n<p class=\"p15\">A continuaci\u00f3n, le ofrecemos informaci\u00f3n detallada de todas las cookies utilizadas en el portal, indicando el nombre de la cookie, el proveedor, la finalidad, la duraci\u00f3n y el tipo de cookie.<\/p>\n<p class=\"p17\">Las cookies en este sitio web se utilizan para personalizar contenido y anuncios, ofrecer funciones de redes sociales y analizar el tr\u00e1fico. Puedes elegir las cookies en &#8220;Configuraci\u00f3n de cookies&#8221;, cambiar tus opciones de consentimiento en cualquier momento accediendo a\u00a0<a href=\"https:\/\/reclamatumulta.welovefinancial.com\/cookies-policy\"><span class=\"s4\"><b>Pol\u00edtica de cookies<\/b><\/span><\/a> M\u00e1s<\/p>\n<p class=\"p18\"><span class=\"s5\"> informaci\u00f3n en\u00a0<a href=\"https:\/\/ecomerzpro.net\/terms.php?lang=es\"><span class=\"s4\"><b>Pol\u00edtica de privacidad<\/b><\/span><\/a><\/span><span class=\"s6\">.<\/span><\/p>\n<p class=\"p20\">Cookies on this website are used to personalize content and ads, provide social media features, and analyze traffic. You can choose Cookies in &#8216;Cookie Settings&#8217;, change your consent options at any time by accessing the Cookies Policy. More information in Privacy Policy.<\/p>\n<p class=\"p21\"><span class=\"s1\"><b>Informaci\u00f3n detallada sobre las cookies de terceros<\/b><\/span><\/p>\n<p class=\"p9\"><span class=\"s7\">Nuestra p\u00e1gina web utiliza<\/span><span class=\"s8\"><i> Cookies Anal\u00edticas de Google <\/i><\/span><span class=\"s7\">como<\/span><i> <\/i>servicio de anal\u00edtica web para las finalidades identificadas anteriormente indicadas. En relaci\u00f3n con esta clase de Cookies, le ofrecemos la siguiente informaci\u00f3n:<\/p>\n<table class=\"t1\" cellspacing=\"0\" cellpadding=\"0\">\n<tbody>\n<tr>\n<td class=\"td1\" valign=\"top\">\n<p class=\"p24\"><b>Proveedor de la Cookie<\/b><b><\/b><\/p>\n<\/td>\n<td class=\"td2\" valign=\"top\">\n<p class=\"p25\">Google Building Gordon House, 4 Barrow St, Dublin, D04 E5W5, Ireland<\/p>\n<\/td>\n<\/tr>\n<tr>\n<td class=\"td3\" valign=\"top\">\n<p class=\"p24\"><b>Datos recopilados<\/b><b><\/b><\/p>\n<\/td>\n<td class=\"td4\" valign=\"top\">\n<p class=\"p27\"><span class=\"s9\">Los datos que podremos recopilar por medio del uso de este tipo de cookies son, entre otros, la direcci\u00f3n ip, Fecha y hora de visita, Datos de uso, Informaci\u00f3n del navegador o del dispositivo, entre otras.<\/span><\/p>\n<\/td>\n<\/tr>\n<tr>\n<td class=\"td5\" valign=\"top\">\n<p class=\"p24\"><b>Base Legal<\/b><b><\/b><\/p>\n<\/td>\n<td class=\"td6\" valign=\"top\">\n<p class=\"p28\">El consentimiento que nos has otorgado al aceptar el uso de esta clase de cooke (Art\u00edculo 6.1.a) RGPD)<\/p>\n<\/td>\n<\/tr>\n<tr>\n<td class=\"td7\" valign=\"top\">\n<p class=\"p24\"><b>Lugar del tratamiento<\/b><b><\/b><\/p>\n<\/td>\n<td class=\"td8\" valign=\"top\">\n<p class=\"p28\">Europa<\/p>\n<\/td>\n<\/tr>\n<tr>\n<td class=\"td9\" valign=\"top\">\n<p class=\"p24\"><b>Destinatarios de los datos<\/b><b><\/b><\/p>\n<\/td>\n<td class=\"td10\" valign=\"top\">\n<p class=\"p29\">Google LLC<\/p>\n<p class=\"p25\">Google Ireland Limited<\/p>\n<\/td>\n<\/tr>\n<tr>\n<td class=\"td11\" valign=\"top\">\n<p class=\"p24\"><b>Transferencia a terceros paises<\/b><b><\/b><\/p>\n<\/td>\n<td class=\"td12\" valign=\"top\">\n<p class=\"p30\">Este servicio puede enviar los datos recopilados a un pa\u00eds diferente. Por tanto, tenga en cuenta que este servicio puede transferir los datos fuera de la UE\/EEE y a un pa\u00eds sin las normas de protecci\u00f3n de datos requeridas. En<span class=\"Apple-converted-space\">\u00a0 <\/span>este caso, los datos se van a transferir a EE. UU. y existe el riesgo de que las autoridades estadounidenses puedan tratarlos con objeto adoptar medidas de control y vigilancia sobre los mismos, probablemente sin la posibilidad de que pueda recurrir legalmente esta decisi\u00f3n<\/p>\n<p class=\"p30\">Puede consultar la informaci\u00f3n sobre Privacidad de Google a trav\u00e9s del siguiente enlace:<\/p>\n<p class=\"p31\"><span class=\"s1\"><a href=\"https:\/\/policies.google.com\/privacy?hl=es\">https:\/\/policies.google.com\/privacy?hl=es<\/a><\/span><\/p>\n<p class=\"p30\">Desde el siguiente enlace puede desactivar el uso de este tipo de cookies en todos los dominios<\/p>\n<p class=\"p31\"><span class=\"s1\"><a href=\"https:\/\/tools.google.com\/dlpage\/gaoptout?hl=de\">https:\/\/tools.google.com\/dlpage\/gaoptout?hl=de<\/a><\/span><\/p>\n<p class=\"p32\">Desde el siguiente enlace puede acceder a la pol\u00edtica de cookies de Google<\/p>\n<p class=\"p34\"><span class=\"s1\"><a href=\"https:\/\/policies.google.com\/technologies\/cookies?hl=en\">https:\/\/policies.google.com\/technologies\/cookies?hl=en<\/a><\/span><\/p>\n<p class=\"p36\">Puedes consultar m\u00e1s informaci\u00f3n sobre como utiliza Google las cookies en<\/p>\n<p class=\"p37\"><span class=\"s11\"><a href=\"https:\/\/policies.google.com\/technologies\/cookies?hl=es\">https:\/\/policies.google.com\/technologies\/cookies?hl=es<\/a><\/span><\/p>\n<\/td>\n<\/tr>\n<\/tbody>\n<\/table>\n<p class=\"p38\"><span class=\"s1\"><b>Sistema de gesti\u00f3n de las cookies en nuestro Portal<\/b><\/span><\/p>\n<p class=\"p5\"><b>Como aceptar, denegar o revocar el consentimiento para el uso de cookies <\/b><\/p>\n<p class=\"p9\">El usuario podr\u00e1 aceptar el uso de todas las cookies, configurar su selecci\u00f3n o cambiar en cualquier momento su opci\u00f3n de consentimiento eligiendo la opci\u00f3n que prefiera seleccionando la opci\u00f3n <span class=\"s1\"><b>\u201cCambiar su consentimiento\u201d <\/b><\/span>accesible desde la presente pol\u00edtica. Igualmente, si Usted borra su historial de cookies de su navegador una vez haya accedido a nuestra p\u00e1gina web, volver\u00e1 a recibir la informaci\u00f3n en primera capa y la posibilidad de gestionar sus cookies, <b>aceptando<\/b> todas, <b>permitiendo la selecci\u00f3n<\/b> o <b>rechazando todas.<\/b><b><\/b><\/p>\n<p class=\"p5\"><b>Configuraci\u00f3n del navegador para impedir la generaci\u00f3n de Cookies<\/b><\/p>\n<p class=\"p9\">El usuario podr\u00e1 impedir la generaci\u00f3n de Cookies, mediante la selecci\u00f3n de la correspondiente opci\u00f3n en su programa navegador, para ello deber\u00e1 acceder a las opciones de configuraci\u00f3n de privacidad y seleccionar la opci\u00f3n que le permite deshabilitar la aceptaci\u00f3n autom\u00e1tica de Cookies.<\/p>\n<p class=\"p9\">Para mas informaci\u00f3n elija entre sus navegadores:<\/p>\n<ul class=\"ul1\">\n<li class=\"li40\"><span class=\"s2\"><b>Internet Explorer<\/b>:<\/span> Herramientas -&gt; Opciones de Internet\u00a0-&gt; Privacidad\u00a0-&gt; Configuraci\u00f3n.\n<ul class=\"ul2\">\n<li class=\"li41\"><span class=\"s14\">Para m\u00e1s informaci\u00f3n, puede consultar el <a href=\"http:\/\/windows.microsoft.com\/es-ES\/windows\/support\"><span class=\"s15\">soporte de Microsoft<\/span><\/a> <a href=\"https:\/\/support.microsoft.com\/es-es\/help\/17442\/windows-internet-explorer-delete-manage-cookies\"><span class=\"s16\">https:\/\/support.microsoft.com\/es-es\/help\/17442\/windows-internet-explorer-delete-manage-cookies<\/span><\/a><\/span> <span class=\"s14\">o la Ayuda del navegador.<\/span><\/li>\n<\/ul>\n<\/li>\n<li class=\"li40\"><span class=\"s2\"><b>Firefox<\/b>:<\/span> Herramientas\u00a0-&gt; Opciones\u00a0-&gt; Privacidad &amp; Seguridad\u00a0-&gt; Cookies y datos del sitio\u00a0-&gt; Administrar datos.\n<ul class=\"ul2\">\n<li class=\"li41\"><span class=\"s14\">Para m\u00e1s informaci\u00f3n, puede consultar el <a href=\"http:\/\/support.mozilla.org\/es\/home\"><span class=\"s15\">soporte de Mozilla<\/span><\/a> <a href=\"https:\/\/support.mozilla.org\/es\/kb\/habilitar-y-deshabilitar-cookies-sitios-web-rastrear-preferencias\"><span class=\"s16\">https:\/\/support.mozilla.org\/es\/kb\/habilitar-y-deshabilitar-cookies-sitios-web-rastrear-preferencias<\/span><\/a><\/span> <span class=\"s14\">o la Ayuda del navegador.<\/span><\/li>\n<\/ul>\n<\/li>\n<li class=\"li40\"><span class=\"s2\"><b>Chrome<\/b>:<\/span> Configuraci\u00f3n\u00a0-&gt; Mostrar opciones avanzadas\u00a0-&gt; Privacidad y Seguridad\u00a0-&gt; Configuraci\u00f3n de contenido -&gt; Cookies.\n<ul class=\"ul2\">\n<li class=\"li40\">Para m\u00e1s informaci\u00f3n, puede consultar el <a href=\"http:\/\/support.google.com\/chrome\/?hl=es\"><span class=\"s15\">soporte de Google<\/span><\/a> <a href=\"https:\/\/support.google.com\/accounts\/answer\/61416?hl=es\"><span class=\"s16\">https:\/\/support.google.com\/accounts\/answer\/61416?hl=es<\/span><\/a><span class=\"s2\"> &#8211;<\/span>o la Ayuda del navegador.<\/li>\n<\/ul>\n<\/li>\n<li class=\"li40\"><span class=\"s2\"><b>Safari:<\/b><\/span> Preferencias\u00a0-&gt; Seguridad.\n<ul class=\"ul2\">\n<li class=\"li40\">Para m\u00e1s informaci\u00f3n, puede consultar el <a href=\"http:\/\/www.apple.com\/es\/support\/safari\/\"><span class=\"s15\">soporte de Apple<\/span><\/a> <a href=\"https:\/\/support.apple.com\/es-es\/guide\/safari\/sfri11471\/mac\"><span class=\"s16\">https:\/\/support.apple.com\/es-es\/guide\/safari\/sfri11471\/<\/span><\/a><span class=\"s2\">mac<\/span> o la Ayuda del navegador.<\/li>\n<\/ul>\n<\/li>\n<\/ul>\n<p class=\"p42\"><b>\u00bfExisten elaboraci\u00f3n de perfiles implique la toma de decisiones automatizadas con efectos jur\u00eddicos para el usuario o que le afecten significativamente de modo?<\/b><\/p>\n<p class=\"p9\">En nuestro Portal no se utilizan cookies para elaborar perfiles que impliquen la toma de decisiones automatizadas con efectos jur\u00eddicos para el usuario<\/p>\n<p class=\"p38\"><b>Derechos de los interesados<\/b><\/p>\n<p class=\"p9\">Usted podr\u00e1 conocer mas informaci\u00f3n sobre el ejercicio de sus derechos, as\u00ed como los detalles de otra informaci\u00f3n que podemos recopilar y c\u00f3mo podemos utilizarla accediendo a la <b>pol\u00edtica de privacidad<\/b>.<\/p>\n<p class=\"p38\"><b>Cambios en la Pol\u00edtica de Cookies<\/b><\/p>\n<p class=\"p9\">Es posible que ocasionalmente actualicemos la Pol\u00edtica de Cookies de nuestro Sitio Web. Por ello, le recomendamos revisar esta pol\u00edtica cada vez que acceda a nuestro Portal con el objetivo de estar adecuadamente informado sobre el uso y las finalidades de las cookies que utilizamos.<\/p>\n<p>[\/vc_column_text][\/vc_column][\/vc_row]<\/p>\n","protected":false},"excerpt":{"rendered":"<p>[vc_row][vc_column][vc_column_text] Panel de consentimiento Informaci\u00f3n general sobre las cookies ECOMM MOVADGENCY SL con domicilio en C\/ Dubl\u00edn, 1 Las Rozas, [&hellip;]<\/p>\n","protected":false},"author":1,"featured_media":0,"parent":0,"menu_order":0,"comment_status":"closed","ping_status":"closed","template":"","meta":{"footnotes":""},"class_list":["post-7669","page","type-page","status-publish","hentry"],"_links":{"self":[{"href":"https:\/\/widileads.com\/index.php?rest_route=\/wp\/v2\/pages\/7669","targetHints":{"allow":["GET"]}}],"collection":[{"href":"https:\/\/widileads.com\/index.php?rest_route=\/wp\/v2\/pages"}],"about":[{"href":"https:\/\/widileads.com\/index.php?rest_route=\/wp\/v2\/types\/page"}],"author":[{"embeddable":true,"href":"https:\/\/widileads.com\/index.php?rest_route=\/wp\/v2\/users\/1"}],"replies":[{"embeddable":true,"href":"https:\/\/widileads.com\/index.php?rest_route=%2Fwp%2Fv2%2Fcomments&post=7669"}],"version-history":[{"count":5,"href":"https:\/\/widileads.com\/index.php?rest_route=\/wp\/v2\/pages\/7669\/revisions"}],"predecessor-version":[{"id":7674,"href":"https:\/\/widileads.com\/index.php?rest_route=\/wp\/v2\/pages\/7669\/revisions\/7674"}],"wp:attachment":[{"href":"https:\/\/widileads.com\/index.php?rest_route=%2Fwp%2Fv2%2Fmedia&parent=7669"}],"curies":[{"name":"wp","href":"https:\/\/api.w.org\/{rel}","templated":true}]}}