{"id":7525,"date":"2022-05-09T10:20:52","date_gmt":"2022-05-09T10:20:52","guid":{"rendered":"https:\/\/widileads.com\/?page_id=7525"},"modified":"2024-01-30T12:49:18","modified_gmt":"2024-01-30T12:49:18","slug":"privacidad","status":"publish","type":"page","link":"https:\/\/widileads.com\/?page_id=7525","title":{"rendered":"Pol\u00edtica de privacidad"},"content":{"rendered":"\n<p><strong>\u00bfPara qu\u00e9 sirve esta Pol\u00edtica de Privacidad?&nbsp;<\/strong><\/p>\n\n\n\n<p>Esta Pol\u00edtica de Privacidad le servir\u00e1 para conocer c\u00f3mo y con qu\u00e9 fines tratamos o cedemos su informaci\u00f3n, as\u00ed como por cuanto tiempo; y los derechos que le asisten con respecto a la misma de acuerdo con la normativa vigente en materia de protecci\u00f3n de datos dentro de la Uni\u00f3n Europea, al ser Ud. un ciudadano europeo. De esta forma, la principal normativa aplicables ser\u00e1:<\/p>\n\n\n\n<p>Esta Pol\u00edtica de Privacidad y Protecci\u00f3n de Datos est\u00e1 desarrollada en base a las siguientes normativas y leyes de protecci\u00f3n de datos:<\/p>\n\n\n\n<ul class=\"wp-block-list\">\n<li>Reglamento (UE) 2016\/679 del Parlamento Europeo y del Consejo, de 27 de abril de 2016, relativo a la protecci\u00f3n de las personas f\u00edsicas en lo que respecta al tratamiento de datos personales y a la libre circulaci\u00f3n de estos datos. En adelante RGPD.<\/li>\n\n\n\n<li>Directiva 2000\/31\/CE del Parlamento Europeo y del Consejo, de 8 de junio de 2000, relativa a determinados aspectos jur\u00eddicos de los servicios de la sociedad de la informaci\u00f3n, en particular el comercio electr\u00f3nico en el mercado interior (Directiva sobre el comercio electr\u00f3nico; Y las transposiciones efectuadas por los distintos pa\u00edses a esta Directiva<\/li>\n<\/ul>\n\n\n\n<p>De acuerdo con esta normativa, es necesario que Ud. reciba una informaci\u00f3n detallada de los tratamientos de datos personales que se llevan a cabo, con la finalidad de que, tenga un pleno conocimiento del uso de sus datos personales y que, cuando nos facilite su consentimiento, este sea plenamente informado.<\/p>\n\n\n\n<p>En primer lugar, le informamos que, dentro de cada pa\u00eds de la UE, as\u00ed como en algunos terceros pa\u00edses, existen distintas Autoridades de Control que velan por el cumplimiento de la normativa en materia de protecci\u00f3n de datos de car\u00e1cter personas. Ud. Siempre podr\u00e1 dirigirse a estas entidades, por los que, a continuaci\u00f3n, les incluimos sus datos identificativos.<\/p>\n\n\n\n<ul class=\"wp-block-list\">\n<li>En el caso de Alemania puede dirigirse a&nbsp;<a href=\"https:\/\/www.datenschutz-berlin.de\/ueber-uns\/kontakt\">Berliner Beauftragte f\u00fcr Datenschutz und Informationsfreiheit<\/a><\/li>\n\n\n\n<li>En el caso de Austria puede dirigirse a&nbsp;<a href=\"https:\/\/www.dsb.gv.at\/ueber-die-website\/kontakt.html\">\u00d6sterreichische Datenschutzbeh\u00f6rde.<\/a><\/li>\n\n\n\n<li>En el caso de B\u00e9lgica puede dirigirse a&nbsp;<a href=\"https:\/\/www.dataprotectionauthority.be\/citizen\">Autorit\u00e9 de protection des donn\u00e9es<br>Gegevensbeschermingsautoriteit<\/a><\/li>\n\n\n\n<li>En el caso de Bulgaria puede dirigirse a&nbsp;<a href=\"https:\/\/www.cpdp.bg\/en\/index.php\">Commision for Personal Data Protection<\/a>.<\/li>\n\n\n\n<li>En el caso de Dinamarca puede dirigirse a https:\/\/www.uaipit.com\/es\/ficha-enlace?\/434<\/li>\n\n\n\n<li>En el caso de Eslovaquia puede dirigirse a&nbsp;<a href=\"https:\/\/dataprotection.gov.sk\/uoou\/\">https:\/\/dataprotection.gov.sk\/uoou\/<\/a><\/li>\n\n\n\n<li>En el caso de Eslovenia puede dirigirse a&nbsp;<a href=\"https:\/\/www.ip-rs.si\/\">https:\/\/www.ip-rs.si\/<\/a>.<\/li>\n\n\n\n<li>En el caso de Estonia puede dirigirse a&nbsp;<a href=\"https:\/\/www.aki.ee\/et\">https:\/\/www.aki.ee\/et<\/a><\/li>\n\n\n\n<li>En el caso de Espa\u00f1a es la&nbsp;<a href=\"https:\/\/www.aepd.es\/es\">Agencia Espa\u00f1ola de Protecci\u00f3n de Datos .<\/a><\/li>\n\n\n\n<li>En el caso de Finlandia puede dirigirse a<a href=\"https:\/\/tietosuoja.fi\/en\/home\">&nbsp;Office of the Data Protection Ombudsman,.<\/a><\/li>\n\n\n\n<li>En el caso de Francia puede dirigirse a&nbsp;<a href=\"https:\/\/www.cnil.fr\/\">Commission Nationale de l\u2019Informatique et des Libert\u00e9s<\/a><\/li>\n\n\n\n<li>En el caso de Grecia puede dirigirse a&nbsp;<a href=\"https:\/\/www.cnil.fr\/\">Hellenic Data Protecction Authority<\/a><\/li>\n\n\n\n<li>En el caso de Hungr\u00eda puede dirigirse a&nbsp;<a href=\"https:\/\/www.ajbh.hu\/web\/ajbh-en\/\">Office of the Commissioner for Fundamental Rights of Hungary<\/a><\/li>\n\n\n\n<li>En el caso de Irlanda puede dirigirse a&nbsp;<a href=\"https:\/\/www.dataprotection.ie\/\">Data Protection Commission.<\/a><\/li>\n\n\n\n<li>En el caso de Italia puede dirigirse a&nbsp;<a href=\"https:\/\/www.garanteprivacy.it\/\">Garante per la Protezione dei Dati Personali<\/a><\/li>\n\n\n\n<li>En el caso de Letonia puede dirigirse a&nbsp;<a href=\"https:\/\/www.dvi.gov.lv\/lv\">https:\/\/www.dvi.gov.lv\/lv<\/a><\/li>\n\n\n\n<li>En el caso de LItu\u00e1nia puede dirigirse a&nbsp;<a href=\"https:\/\/vdai.lrv.lt\/en\/\">State Data Protection Inspectorate<\/a><\/li>\n\n\n\n<li>En el caso de Luxemburgo puede dirigirse a&nbsp;<a href=\"https:\/\/cnpd.public.lu\/fr.html\">Commission Nationale pour la Protection des Donn\u00e9es<\/a><\/li>\n\n\n\n<li>En el caso de Malta puede dirigirse a&nbsp;<a href=\"https:\/\/idpc.org.mt\/\">Information and Data Protection Commissioner<\/a><\/li>\n\n\n\n<li>En el caso de Pa\u00edses Bajos puede dirigirse a&nbsp;<a href=\"https:\/\/autoriteitpersoonsgegevens.nl\/en\">https:\/\/autoriteitpersoonsgegevens.nl\/en<\/a><\/li>\n\n\n\n<li>En el caso de Polonia puede dirigirse a&nbsp;<a href=\"https:\/\/archiwum.giodo.gov.pl\/\">https:\/\/archiwum.giodo.gov.pl\/<\/a><\/li>\n\n\n\n<li>En el caso de Portugal puede dirigirse a&nbsp;<a href=\"http:\/\/www.cnpd.pt\/\">Comiss\u00e3o Nacional de Prote\u00e7\u00e3o de Dados<\/a><\/li>\n\n\n\n<li>En el caso de Reino Unido puede dirigirse a&nbsp;<a href=\"https:\/\/ico.org.uk\/\">Information Commissioner\u00b4s Office<\/a><\/li>\n\n\n\n<li>En el caso de Ruman\u00eda puede dirigirse a&nbsp;<a href=\"https:\/\/www.dataprotection.ro\/\">Autoritatea Na\u0163ional\u0103 de Supraveghere a Prelucr\u0103rii Datelor cu Caracter Personal<\/a><\/li>\n\n\n\n<li>En el caso de Suecia puede dirigirse a&nbsp;<a href=\"https:\/\/www.imy.se\/en\/\">Swedish Autority For Privacy Protection<\/a><\/li>\n\n\n\n<li>En el caso de Chequ\u00eda puede dirigirse a&nbsp;<a href=\"https:\/\/www.uoou.cz\/\">https:\/\/www.uoou.cz\/<\/a><\/li>\n\n\n\n<li>En el caso de Chipre puede dirigirse a&nbsp;<a href=\"https:\/\/www.dataprotection.gov.cy\/dataprotection\/dataprotection.nsf\/home_el\/home_el?opendocument\">Office of the Commissioner for Personal Data Protection<\/a><\/li>\n\n\n\n<li>En el caso de Andorra puede dirigirse a&nbsp;<a href=\"https:\/\/www.apda.ad\/ca\">Ag\u00e8ncia Andorrana de Protecci\u00f3 de Dades<\/a><\/li>\n<\/ul>\n\n\n\n<ul class=\"wp-block-list\">\n<li>En el caso de Croacia puede dirigirse a&nbsp;<a href=\"https:\/\/azop.hr\/naslovna-english\/\">Croatian Personal Data Protection Agency<\/a><\/li>\n\n\n\n<li>En el caso de Islandia puede dirigirse a<a href=\"https:\/\/www.personuvernd.is\/\">https:\/\/www.personuvernd.is\/<\/a><\/li>\n\n\n\n<li>En el caso de Liechetenstein puede dirigirse a&nbsp;<a href=\"https:\/\/www.llv.li\/\">https:\/\/www.llv.li\/<\/a><\/li>\n\n\n\n<li>En el caso de Macedonia puede dirigirse a&nbsp;<a href=\"https:\/\/dzlp.mk\/\">https:\/\/dzlp.mk\/<\/a><\/li>\n\n\n\n<li>En el caso de M\u00f3naco puede dirigirse a&nbsp;<a href=\"https:\/\/www.ccin.mc\/fr\/\">Commission de Contr\u00f4le des Informations Nominatives<\/a><\/li>\n\n\n\n<li>En el caso de Noruega puede dirigirse a&nbsp;<a href=\"https:\/\/www.datatilsynet.no\/\">Datatilsynet<\/a><\/li>\n\n\n\n<li>En el caso de Suiza puede dirigirse a&nbsp;<a href=\"https:\/\/www.edoeb.admin.ch\/edoeb\/de\/home.html\">https:\/\/www.edoeb.admin.ch\/edoeb\/de\/home.html<\/a><\/li>\n<\/ul>\n\n\n\n<p>Otras Autoridades de Protecci\u00f3n de Datos de terceros pa\u00edses:<\/p>\n\n\n\n<ul class=\"wp-block-list\">\n<li>En el caso de Canad\u00e1 puede dirigirse a&nbsp;<a href=\"https:\/\/www.priv.gc.ca\/en\/\">https:\/\/www.priv.gc.ca\/en\/<\/a><\/li>\n\n\n\n<li>En el caso de Hong Kong puede dirigirse a&nbsp;<a href=\"https:\/\/www.pcpd.org.hk\/\">https:\/\/www.pcpd.org.hk\/<\/a><\/li>\n<\/ul>\n\n\n\n<p><strong>\u00bfQui\u00e9n es el responsable del tratamiento de sus datos?<\/strong><\/p>\n\n\n\n<ul class=\"wp-block-list\">\n<li>Denominaci\u00f3n social: ECOMM7 LTD<\/li>\n\n\n\n<li>Domicilio social en Room 1501, Prosperity Tower, 39 Queen\u2019s Road, Central, Hong Kong<\/li>\n\n\n\n<li>Company number: 2896467<\/li>\n\n\n\n<li>Correo electr\u00f3nico: info@widileads.com<\/li>\n<\/ul>\n\n\n\n<p><strong>\u00bfQu\u00e9 datos personales tratamos?<\/strong><\/p>\n\n\n\n<p>\u00danicamente tratamos los datos personales que Ud. nos facilita en sus formularios: Nombre, apellido, n\u00famero de tel\u00e9fono y correo electr\u00f3nico, vinculado con las respuestas que Ud. ha facilitado en su formulario.<\/p>\n\n\n\n<p><strong>\u00bfCon qu\u00e9 finalidad utilizamos sus datos personales?<\/strong><\/p>\n\n\n\n<p>El tratamiento de sus datos de car\u00e1cter personal se utiliza con la finalidad de:<\/p>\n\n\n\n<ul class=\"wp-block-list\">\n<li>Atender sus solicitudes de informaci\u00f3n: Cuando Ud. cumplimiento nuestro formulario, nos facilita informaci\u00f3n necesaria para poder atender su petici\u00f3n de informaci\u00f3n, Por ello, sus datos se utilizar\u00e1n para poder enviar las comunicaciones comerciales que Ud. nos solicita cuando cumplimenta nuestros formularios manifest\u00e1ndonos su inter\u00e9s en que le facilitemos infrmoarci\u00f3n comercial o para que comuniquemos sus datos a terceras personas para que sean estos los que les remitan las comunicaciones comerciales por Ud. solicitadas conforme a los intereses manifestados en las respuestas a nuestros cuestionarios.<\/li>\n\n\n\n<li>Para enviar comunicaciones comerciales: Igualmente despu\u00e9s de finalizar el formulario Ud. podr\u00e1 manifestar y consentir su inter\u00e9s en recibir comunicaciones comerciales publicidad y promociones, tanto de nuestra compa\u00f1\u00eda y Como de los terceros identificados en nuestra web y en nuestra pol\u00edtica de privacidad, en relaci\u00f3n con los productos y\/o servicios que comercializan. En todo caso, Ud. nos podr\u00e1 facilitar el consentimiento de manera individualizada en relaci\u00f3n con las compa\u00f1\u00edas de las que quiere recibir comunicaciones comerciales.<\/li>\n<\/ul>\n\n\n\n<p><strong>\u00bfQu\u00e9 base jur\u00eddica exige para legitimar el tratamiento de sus datos personales?<\/strong><\/p>\n\n\n\n<p>Existen distintas bases diferenciadas para poder llevar a cabo el tratamiento de sus datos personales:<\/p>\n\n\n\n<ul class=\"wp-block-list\">\n<li>Atender sus solicitudes de informaci\u00f3n: Para ello, el tratamiento se efectuar\u00e1 en base al inter\u00e9s leg\u00edtimo del responsable.<\/li>\n\n\n\n<li>Para el env\u00edo de comunicaciones comerciales, ser\u00e1 necesario como base legitimadora del tratamiento el hecho de que Ud. manifieste su consentimiento espec\u00edfico y libre cuando Ud. nos facilite sus datos personales.<\/li>\n<\/ul>\n\n\n\n<p><strong>\u00bfDurante cu\u00e1nto tiempo conservamos sus datos?<\/strong><\/p>\n\n\n\n<p>Utilizamos sus datos durante el tiempo estrictamente necesario para cumplir las finalidades indicadas anteriormente. Salvo que exista una obligaci\u00f3n o requerimiento legal, los plazos de conservaci\u00f3n previstos son:<\/p>\n\n\n\n<ul class=\"wp-block-list\">\n<li>Atenci\u00f3n a sus solicitudes de informaci\u00f3n: Los datos de tu perfil y los obtenidos por tu respuesta a los formularios que aparecen en nuestra p\u00e1gina web se conservar\u00e1n hasta que Ud. revoque su consentimiento. En todo caso, transcurrido el plazo de un a\u00f1o sin que abra nuestras comunicaciones o muestre inter\u00e9s por las mismas sus datos ser\u00e1n bloqueados.<\/li>\n\n\n\n<li>Para el env\u00edo de comunicaciones comunicaciones: Sus datos personales se conservan mientras Ud. no solicite la supresi\u00f3n de los mismos o revoque su consentimiento. En todo caso, transcurrido el plazo de un a\u00f1o sin que abra nuestras comunicaciones o muestre inter\u00e9s por las mismas sus datos ser\u00e1n bloqueados.<\/li>\n<\/ul>\n\n\n\n<p><strong>\u00bfA qui\u00e9n comunicamos sus datos personales?<\/strong><\/p>\n\n\n\n<p>Dentro del \u00e1mbito de la Uni\u00f3n Europea:<\/p>\n\n\n\n<ul class=\"wp-block-list\">\n<li>Tanto para la atenci\u00f3n a sus solicitudes de informaci\u00f3n, como para que puedan remitirle comunicaciones comerciales, cuando Ud. nos haya facilitado su consentimiento, sus datos personales se ceder\u00e1n a:&nbsp; ECOMM7 LTD<\/li>\n<\/ul>\n\n\n\n<p>Fuera de la Uni\u00f3n Europea<\/p>\n\n\n\n<p>En los procesos de tratamientos de sus datos realizados por nuestra entidad, necesitamos contratar servicios externos que pudieran implicar que sus datos sean almacenados y\/o tratados por organizaciones que est\u00e1n establecidas u operan desde fuera de la Uni\u00f3n Europea, lo que llevar\u00eda impl\u00edcito que realicemos transferencias internacionales de sus datos, si bien nunca se comunicar\u00e1n sus datos personales a responsables Ubicados Fuera de la Uni\u00f3n&nbsp;<\/p>\n\n\n\n<p><strong>\u00bfCu\u00e1les son los derechos que le amparan?<\/strong><\/p>\n\n\n\n<p>En todas las comunicaciones comerciales se indicar\u00e1 siempre la direcci\u00f3n de correo electr\u00f3nico en la que pueda ejercer su derecho de oposici\u00f3n al tratamiento de sus datos con fines promocionales. Cualquier otra solicitud para el ejercicio de derechos, deber\u00e1 acompa\u00f1arse con copia del documento que acredite su identidad. Igualmente, de acuerdo con los t\u00e9rminos establecidos en la legislaci\u00f3n vigente, puede Ud. revocar en cualquier momento los consentimientos que nos haya facilitado.<\/p>\n\n\n\n<p>Cualquier persona f\u00edsica podr\u00e1 dirigirse al responsable del fichero para ejercitar sus derechos, a la direcci\u00f3n a &nbsp;Room 1501, Prosperity Tower, 39 Queen\u2019s Road, Central, Hong Kong<\/p>\n\n\n\n<p>Los derechos que podr\u00e1 ejercitar con respecto al tratamiento de sus datos personales son:<\/p>\n\n\n\n<ol class=\"wp-block-list\">\n<li>Acceso: tendr\u00e1 Ud. derecho a conocer si estamos tratando sus datos personales, as\u00ed como los fines de dicho tratamiento, las categor\u00edas de datos personales, los destinatarios a los que se comuniquen sus datos, el plazo de conservaci\u00f3n de los mismos, as\u00ed como la informaci\u00f3n disponible sobre la fuente de obtenci\u00f3n de los mismos.&nbsp;<\/li>\n\n\n\n<li>Rectificaci\u00f3n: de los datos inexactos.<\/li>\n\n\n\n<li>Supresi\u00f3n (derecho al olvido): cuando, entre otros motivos, los datos ya no sean necesarios para los fines que fueron recogidos.<\/li>\n\n\n\n<li>Limitaci\u00f3n: cuando se impugne la exactitud de los datos, durante el plazo de verificaci\u00f3n de los mismos, cuando sean necesarios para el ejercicio o defensa de reclamaciones; o cuando se oponga el interesado a la supresi\u00f3n de los mismos, o al tratamiento de estos, mientras se verifica la existencia de inter\u00e9s leg\u00edtimo.<\/li>\n\n\n\n<li>Portabilidad de sus datos: tendr\u00e1 derecho a recibir sus datos en un formato estructurado, de uso com\u00fan y lectura mec\u00e1nica, y a transmitir los mismos a otro responsable.<\/li>\n\n\n\n<li>Oposici\u00f3n: tendr\u00e1 derecho a oponerse en cualquier momento, por motivos relacionados con su situaci\u00f3n particular, al tratamiento de sus datos con base en un inter\u00e9s p\u00fablico o leg\u00edtimo del responsable; tras lo que dejar\u00e1n de tratarse los datos, salvo por motivos leg\u00edtimos imperiosos, o el ejercicio o la defensa de posibles reclamaciones.<\/li>\n\n\n\n<li>Decisiones individuales automatizadas: tendr\u00e1 derecho a no ser objeto de una decisi\u00f3n basada \u00fanicamente en el tratamiento automatizado, incluida la elaboraci\u00f3n de perfiles, pudiendo solicitar intervenci\u00f3n humana en los casos legalmente previstos.<\/li>\n<\/ol>\n\n\n\n<p><strong>\u00bfC\u00f3mo puede presentar una reclamaci\u00f3n ante una autoridad de control?<\/strong><\/p>\n\n\n\n<p>Adem\u00e1s de los derechos que le asisten, si cree que sus datos no se est\u00e1n recabando o tratando conforme a la normativa vigente de Protecci\u00f3n de Datos, usted podr\u00e1 realizar una reclamaci\u00f3n ante la Autoridad de Control, cuyos datos de contacto indicamos a continuaci\u00f3n:<\/p>\n\n\n\n<ul class=\"wp-block-list\">\n<li>En Espa\u00f1a: <a href=\"https:\/\/sedeagpd.gob.es\/sede-electronica-web\/vistas\/formSpam\/spamDenuncia.jsf\">https:\/\/sedeagpd.gob.es\/sede-electronica-web\/vistas\/formSpam\/spamDenuncia.jsf<\/a><\/li>\n\n\n\n<li>En Francia: https:\/\/www.cnil.fr<\/li>\n<\/ul>\n\n\n\n<ul class=\"wp-block-list\">\n<li>En el caso de Alemania puede dirigirse a&nbsp;<a href=\"https:\/\/www.datenschutz-berlin.de\/ueber-uns\/kontakt\">Berliner Beauftragte f\u00fcr Datenschutz und Informationsfreiheit<\/a><\/li>\n\n\n\n<li>En el caso de Austria puede dirigirse a&nbsp;<a href=\"https:\/\/www.dsb.gv.at\/ueber-die-website\/kontakt.html\">\u00d6sterreichische Datenschutzbeh\u00f6rde.<\/a><\/li>\n\n\n\n<li>En el caso de B\u00e9lgica puede dirigirse a&nbsp;<a href=\"https:\/\/www.dataprotectionauthority.be\/citizen\">Autorit\u00e9 de protection des donn\u00e9es<br>Gegevensbeschermingsautoriteit<\/a><\/li>\n\n\n\n<li>En el caso de Bulgaria puede dirigirse a&nbsp;<a href=\"https:\/\/www.cpdp.bg\/en\/index.php\">Commision for Personal Data Protection<\/a>.<\/li>\n\n\n\n<li>En el caso de Dinamarca puede dirigirse a<\/li>\n\n\n\n<li>En el caso de Eslovaquia puede dirigirse a&nbsp;<a href=\"https:\/\/dataprotection.gov.sk\/uoou\/\">https:\/\/dataprotection.gov.sk\/uoou\/<\/a><\/li>\n\n\n\n<li>En el caso de Eslovenia puede dirigirse a&nbsp;<a href=\"https:\/\/www.ip-rs.si\/\">https:\/\/www.ip-rs.si\/<\/a>.<\/li>\n\n\n\n<li>En el caso de Estonia puede dirigirse a&nbsp;<a href=\"https:\/\/www.aki.ee\/et\">https:\/\/www.aki.ee\/et<\/a><\/li>\n\n\n\n<li>En el caso de Finlandia puede dirigirse a<a href=\"https:\/\/tietosuoja.fi\/en\/home\">&nbsp;Office of the Data Protection Ombudsman,.<\/a><\/li>\n\n\n\n<li>En el caso de Francia puede dirigirse a&nbsp;<a href=\"https:\/\/www.cnil.fr\/\">Commission Nationale de l\u2019Informatique et des Libert\u00e9s<\/a><\/li>\n\n\n\n<li>En el caso de Grecia puede dirigirse a&nbsp;<a href=\"https:\/\/www.cnil.fr\/\">Hellenic Data Protecction Authority<\/a><\/li>\n\n\n\n<li>En el caso de Hungr\u00eda puede dirigirse a&nbsp;<a href=\"https:\/\/www.ajbh.hu\/web\/ajbh-en\/\">Office of the Commissioner for Fundamental Rights of Hungary<\/a><\/li>\n\n\n\n<li>En el caso de Irlanda puede dirigirse a&nbsp;<a href=\"https:\/\/www.dataprotection.ie\/\">Data Protection Commission.<\/a><\/li>\n\n\n\n<li>En el caso de Italia puede dirigirse a&nbsp;<a href=\"https:\/\/www.garanteprivacy.it\/\">Garante per la Protezione dei Dati Personali<\/a><\/li>\n\n\n\n<li>En el caso de Letonia puede dirigirse a&nbsp;<a href=\"https:\/\/www.dvi.gov.lv\/lv\">https:\/\/www.dvi.gov.lv\/lv<\/a><\/li>\n\n\n\n<li>En el caso de LItu\u00e1nia puede dirigirse a&nbsp;<a href=\"https:\/\/vdai.lrv.lt\/en\/\">State Data Protection Inspectorate<\/a><\/li>\n\n\n\n<li>En el caso de Luxemburgo puede dirigirse a&nbsp;<a href=\"https:\/\/cnpd.public.lu\/fr.html\">Commission Nationale pour la Protection des Donn\u00e9es<\/a><\/li>\n\n\n\n<li>En el caso de Malta puede dirigirse a&nbsp;<a href=\"https:\/\/idpc.org.mt\/\">Information and Data Protection Commissioner<\/a><\/li>\n\n\n\n<li>En el caso de Pa\u00edses Bajos puede dirigirse a&nbsp;<a href=\"https:\/\/autoriteitpersoonsgegevens.nl\/en\">https:\/\/autoriteitpersoonsgegevens.nl\/en<\/a><\/li>\n\n\n\n<li>En el caso de Polonia puede dirigirse a&nbsp;<a href=\"https:\/\/archiwum.giodo.gov.pl\/\">https:\/\/archiwum.giodo.gov.pl\/<\/a><\/li>\n\n\n\n<li>En el caso de Portugal puede dirigirse a&nbsp;<a href=\"http:\/\/www.cnpd.pt\/\">Comiss\u00e3o Nacional de Prote\u00e7\u00e3o de Dados<\/a><\/li>\n\n\n\n<li>En el caso de Reino Unido puede dirigirse a&nbsp;<a href=\"https:\/\/ico.org.uk\/\">Information Commissioner\u00b4s Office<\/a><\/li>\n\n\n\n<li>En el caso de Ruman\u00eda puede dirigirse a&nbsp;<a href=\"https:\/\/www.dataprotection.ro\/\">Autoritatea Na\u0163ional\u0103 de Supraveghere a Prelucr\u0103rii Datelor cu Caracter Personal<\/a><\/li>\n\n\n\n<li>En el caso de Suecia puede dirigirse a&nbsp;<a href=\"https:\/\/www.imy.se\/en\/\">Swedish Autority For Privacy Protection<\/a><\/li>\n\n\n\n<li>En el caso de Chequ\u00eda puede dirigirse a&nbsp;<a href=\"https:\/\/www.uoou.cz\/\">https:\/\/www.uoou.cz\/<\/a><\/li>\n\n\n\n<li>En el caso de Chipre puede dirigirse a&nbsp;<a href=\"https:\/\/www.dataprotection.gov.cy\/dataprotection\/dataprotection.nsf\/home_el\/home_el?opendocument\">Office of the Commissioner for Personal Data Protection<\/a><\/li>\n\n\n\n<li>En el caso de Andorra puede dirigirse a&nbsp;<a href=\"https:\/\/www.apda.ad\/ca\">Ag\u00e8ncia Andorrana de Protecci\u00f3 de Dades<\/a><\/li>\n<\/ul>\n\n\n\n<ul class=\"wp-block-list\">\n<li>En el caso de Croacia puede dirigirse a&nbsp;<a href=\"https:\/\/azop.hr\/naslovna-english\/\">Croatian Personal Data Protection Agency<\/a><\/li>\n\n\n\n<li>En el caso de Islandia puede dirigirse a&nbsp;<a href=\"https:\/\/www.personuvernd.is\/\">https:\/\/www.personuvernd.is\/<\/a><\/li>\n\n\n\n<li>En el caso de Liechetenstein puede dirigirse a&nbsp;<a href=\"https:\/\/www.llv.li\/\">https:\/\/www.llv.li\/<\/a><\/li>\n\n\n\n<li>En el caso de Macedonia puede dirigirse a&nbsp;<a href=\"https:\/\/dzlp.mk\/\">https:\/\/dzlp.mk\/<\/a><\/li>\n\n\n\n<li>En el caso de M\u00f3naco puede dirigirse a&nbsp;<a href=\"https:\/\/www.ccin.mc\/fr\/\">Commission de Contr\u00f4le des Informations Nominatives<\/a><\/li>\n\n\n\n<li>En el caso de Noruega puede dirigirse a&nbsp;<a href=\"https:\/\/www.datatilsynet.no\/\">Datatilsynet<\/a><\/li>\n\n\n\n<li>En el caso de Suiza puede dirigirse a&nbsp;<a href=\"https:\/\/www.edoeb.admin.ch\/edoeb\/de\/home.html\">https:\/\/www.edoeb.admin.ch\/edoeb\/de\/home.html<\/a><\/li>\n<\/ul>\n","protected":false},"excerpt":{"rendered":"<p>\u00bfPara qu\u00e9 sirve esta Pol\u00edtica de Privacidad?&nbsp; Esta Pol\u00edtica de Privacidad le servir\u00e1 para conocer c\u00f3mo y con qu\u00e9 fines [&hellip;]<\/p>\n","protected":false},"author":1,"featured_media":0,"parent":0,"menu_order":0,"comment_status":"closed","ping_status":"closed","template":"","meta":{"footnotes":""},"class_list":["post-7525","page","type-page","status-publish","hentry"],"_links":{"self":[{"href":"https:\/\/widileads.com\/index.php?rest_route=\/wp\/v2\/pages\/7525","targetHints":{"allow":["GET"]}}],"collection":[{"href":"https:\/\/widileads.com\/index.php?rest_route=\/wp\/v2\/pages"}],"about":[{"href":"https:\/\/widileads.com\/index.php?rest_route=\/wp\/v2\/types\/page"}],"author":[{"embeddable":true,"href":"https:\/\/widileads.com\/index.php?rest_route=\/wp\/v2\/users\/1"}],"replies":[{"embeddable":true,"href":"https:\/\/widileads.com\/index.php?rest_route=%2Fwp%2Fv2%2Fcomments&post=7525"}],"version-history":[{"count":11,"href":"https:\/\/widileads.com\/index.php?rest_route=\/wp\/v2\/pages\/7525\/revisions"}],"predecessor-version":[{"id":7631,"href":"https:\/\/widileads.com\/index.php?rest_route=\/wp\/v2\/pages\/7525\/revisions\/7631"}],"wp:attachment":[{"href":"https:\/\/widileads.com\/index.php?rest_route=%2Fwp%2Fv2%2Fmedia&parent=7525"}],"curies":[{"name":"wp","href":"https:\/\/api.w.org\/{rel}","templated":true}]}}