{"id":7438,"date":"2019-04-24T13:39:05","date_gmt":"2019-04-24T13:39:05","guid":{"rendered":"https:\/\/www.ekko-wp.com\/demo-content\/?page_id=7438"},"modified":"2025-11-24T16:08:37","modified_gmt":"2025-11-24T16:08:37","slug":"home-web-design","status":"publish","type":"page","link":"https:\/\/widileads.com\/?page_id=7438&lang=es","title":{"rendered":""},"content":{"rendered":"<p>[vc_row][vc_column][rev_slider_vc alias=&#8221;web-design-slider&#8221;][\/vc_column][\/vc_row][vc_row full_width=&#8221;stretch_row&#8221;][vc_column css=&#8221;.vc_custom_1516008460883{padding-right: 0px !important;padding-left: 0px !important;}&#8221;][vc_row_inner css=&#8221;.vc_custom_1541423133254{margin-bottom: 60px !important;padding-top: 100px !important;}&#8221;][vc_column_inner width=&#8221;1\/3&#8243; css=&#8221;.vc_custom_1540559965344{padding-right: 50px !important;}&#8221;]<div class=\"key-icon-box icon-default icon-top cont-left ib-no-effect  kd-animated fadeInUp\" style=\"background-color: transparent;\" ><i class=\"fas fa-boxes\" style=\" \"><\/i> <h5 class=\"service-heading\" >Formularios interactivos verticalizados<\/h5><p >En Widileads, captamos leads cualificados de las principales verticales del sector para tu empresa. Luz, seguros, eCommerce, internet, inmobiliaria, gas, alarmas, paneles solares y mucho m\u00e1s. Cada funnel est\u00e1 personalizado para cada sector de manera que los datos captados sean lo m\u00e1s cualificados posible, facilitando as\u00ed las labores de tu departamento comercial.<\/p><\/div>[\/vc_column_inner][vc_column_inner width=&#8221;1\/3&#8243; css=&#8221;.vc_custom_1540560004400{padding-right: 50px !important;}&#8221;]<div class=\"key-icon-box icon-default icon-top cont-left ib-no-effect  kd-animated fadeInUp\" style=\"background-color: transparent;\" data-animation-delay=200><i class=\"fas fa-audio-description\" style=\" \"><\/i> <h5 class=\"service-heading\" >Compra de audiencia<\/h5><p >Nuestro sistema de captaci\u00f3n se encuentra integrado en nuestro sistema de visibilidad constante, de manera que las campa\u00f1as est\u00e1n activas 24h al d\u00eda 365 d\u00edas al a\u00f1o a trav\u00e9s de nuestro departamento de media buying. Adem\u00e1s, contamos con m\u00e1s de 30 webs exclusivas con contenido verticalizado mediante las cuales se captan datos de usuarios con intereses segmentados.<\/p><\/div>[\/vc_column_inner][vc_column_inner width=&#8221;1\/3&#8243; css=&#8221;.vc_custom_1540560014080{padding-right: 50px !important;}&#8221;]<div class=\"key-icon-box icon-default icon-top cont-left ib-no-effect  kd-animated fadeInUp\" style=\"background-color: transparent;\" data-animation-delay=400><i class=\"fas fa-gavel\" style=\" \"><\/i> <h5 class=\"service-heading\" >GDPR Compliance<\/h5><p >GDPR vigente. Nuestro departamento legal te asesorar\u00e1 tanto en el caso de que necesites leads previos tanto para la implementaci\u00f3n de campa\u00f1as a medida.<\/p><\/div>[\/vc_column_inner][\/vc_row_inner][vc_row_inner css=&#8221;.vc_custom_1540389064682{padding-bottom: 100px !important;}&#8221;][vc_column_inner width=&#8221;1\/3&#8243; css=&#8221;.vc_custom_1540559968536{padding-right: 50px !important;}&#8221;]<div class=\"key-icon-box icon-default icon-top cont-left ib-no-effect  kd-animated fadeInUp\" style=\"background-color: transparent;\" ><i class=\"fas fa-fire\" style=\" \"><\/i> <h5 class=\"service-heading\" >Contenido de valor para el usuario<\/h5><p >Todos nuestros formularios dan la posibilidad de ofrecer contenido de valor al usuario en forma de PDF descargable para as\u00ed aumentar el inter\u00e9s del usuario en dejar sus datos. Dichos PDF son completamente interactivos, customizables y adaptables en funci\u00f3n de las respuestas que deje el usuario.<\/p><\/div>[\/vc_column_inner][vc_column_inner width=&#8221;1\/3&#8243; css=&#8221;.vc_custom_1540560007529{padding-right: 50px !important;}&#8221;]<div class=\"key-icon-box icon-default icon-top cont-left ib-no-effect  kd-animated fadeInUp\" style=\"background-color: transparent;\" data-animation-delay=200><i class=\"fas fa-certificate\" style=\" \"><\/i> <h5 class=\"service-heading\" >Campa\u00f1as exclusivas<\/h5><p >Nuestro servicio de agencia se encarga de realizar formularios y campa\u00f1as de captaci\u00f3n exclusivas con las que podr\u00e1s dar un valor mayor a tus potenciales clientes. Desde automatizaci\u00f3n de seguimiento de leads hasta generaci\u00f3n de documentos autom\u00e1tica en base a las respuestas del funnel<\/p><\/div>[\/vc_column_inner][vc_column_inner width=&#8221;1\/3&#8243;][\/vc_column_inner][\/vc_row_inner]<div class=\"kd-shapes shape_egg shape_right_pos kd-animated zoomIn\" style=\"bottom: -5em;width: 630px;height: 630px;opacity: -0.75;background-color: #f7a040;\" data-animation-delay=400><\/div>[\/vc_column][\/vc_row][vc_row full_width=&#8221;stretch_row&#8221; css=&#8221;.vc_custom_1541423617743{background-image: url(https:\/\/www.ekko-wp.com\/static\/wp-content\/uploads\/sites\/3\/2018\/10\/parallax.jpg) !important;background-position: center !important;background-repeat: no-repeat !important;background-size: cover !important;}&#8221;][vc_column css=&#8221;.vc_custom_1516008830796{padding-right: 0px !important;padding-left: 0px !important;}&#8221;]<header class=\"kd-section-title col-lg-12 text-left     vc_custom_1652787549640\" ><h2 class=\"separator_off\" style=\"color: #ffffff;\">Nuestros verticales<\/h2><\/header>[vc_row_inner css=&#8221;.vc_custom_1652787625698{padding-top: 20px !important;padding-bottom: 100px !important;}&#8221;][vc_column_inner width=&#8221;1\/3&#8243; css=&#8221;.vc_custom_1516008837938{padding-right: 0px !important;padding-left: 0px !important;}&#8221;]<div class=\"key-icon-box icon-default icon-top cont-left ib-hover-2  kd-animated fadeInUp\" style=\"background-color: transparent;\" ><div class=\"ib-wrapper\"><i class=\"fas fa-car-crash\" style=\" color: #ffffff;\"><\/i> <h5 class=\"service-heading\" style=\"color: #ffffff;\">Seguros<\/h5><p style=\"color: #ffffff;\">Capta clientes interesados en la contrataci\u00f3n de diferentes tipolog\u00edas de seguros: vida, hogar, viajes, autom\u00f3vil.<\/p><\/div><\/div><div class=\"key-icon-box icon-default icon-top cont-left ib-hover-2  kd-animated fadeInUp\" style=\"background-color: transparent;\" data-animation-delay=600><div class=\"ib-wrapper\"><i class=\"fas fa-home\" style=\" color: #ffffff;\"><\/i> <h5 class=\"service-heading\" style=\"color: #ffffff;\">Real Estate<\/h5><p style=\"color: #ffffff;\">Deja de gastar dinero en llamadas a puerta fr\u00eda y prospecciones. Capta propietarios de forma r\u00e1pida, sencilla y cualificada.<\/p><\/div><\/div>[\/vc_column_inner][vc_column_inner width=&#8221;1\/3&#8243;]<div class=\"key-icon-box icon-default icon-top cont-left ib-hover-2  kd-animated fadeInUp\" style=\"background-color: transparent;\" data-animation-delay=200><div class=\"ib-wrapper\"><i class=\"fas fa-heartbeat\" style=\" color: #ffffff;\"><\/i> <h5 class=\"service-heading\" style=\"color: #ffffff;\">Salud<\/h5><p style=\"color: #ffffff;\">Aumenta tu visibilidad e impacta en un p\u00fablico cualificado con inter\u00e9s en la contrataci\u00f3n de servicios m\u00e9dicos.<\/p><\/div><\/div><div class=\"key-icon-box icon-default icon-top cont-left ib-hover-2  kd-animated fadeInUp\" style=\"background-color: transparent;\" data-animation-delay=800><div class=\"ib-wrapper\"><i class=\"fas fa-hammer\" style=\" color: #ffffff;\"><\/i> <h5 class=\"service-heading\" style=\"color: #ffffff;\">Reformas<\/h5><p style=\"color: #ffffff;\">Apuesta por la captaci\u00f3n de personas interesadas en reformar su casa con el objetivo de vender o simplemente vivir mejor.<\/p><\/div><\/div>[\/vc_column_inner][vc_column_inner width=&#8221;1\/3&#8243;]<div class=\"key-icon-box icon-default icon-top cont-left ib-hover-2  kd-animated fadeInUp\" style=\"background-color: transparent;\" data-animation-delay=400><div class=\"ib-wrapper\"><i class=\"fas fa-coins\" style=\" color: #ffffff;\"><\/i> <h5 class=\"service-heading\" style=\"color: #ffffff;\">Finanzas<\/h5><p style=\"color: #ffffff;\">No pierdas la oportunidad de aumentar tu n\u00famero de potenciales clientes a los que ofrecer diferentes productos financieros.<\/p><\/div><\/div>[\/vc_column_inner][\/vc_row_inner][\/vc_column][\/vc_row][vc_row full_width=&#8221;stretch_row&#8221; css=&#8221;.vc_custom_1553276556826{border-top-width: 1px !important;border-bottom-width: 1px !important;border-top-color: #eaeaea !important;border-top-style: solid !important;border-bottom-color: #eaeaea !important;border-bottom-style: solid !important;}&#8221;][vc_column][vc_row_inner css=&#8221;.vc_custom_1544096863989{padding-top: 60px !important;padding-bottom: 60px !important;}&#8221;][vc_column_inner width=&#8221;1\/4&#8243;]<div class=\"kd_counter icon-top   \" ><div class=\"kd_counter_content\"><div class=\"kd_counter_icon\"><div class=\"kd-counter-icon\"><i class=\"iconsmind-Smile iconsmind-Emoticons\" style=\"  \"><\/i><\/div><\/div><h4 class=\"kd_counter_number\"><span class=\"kd_number_string\"  data-from=\"0\" data-to=\"1000000\" data-refresh-interval=\"50\" >0<\/span>\n                                  <span class=\"kd_counter_units\" >Leads generados<\/span><\/h4><\/div><\/div>[\/vc_column_inner][vc_column_inner width=&#8221;1\/4&#8243;]<div class=\"kd_counter icon-top   \" ><div class=\"kd_counter_content\"><div class=\"kd_counter_icon\"><div class=\"kd-counter-icon\"><i class=\"iconsmind-Euro-Sign2 iconsmind-Business-Finance\" style=\"  \"><\/i><\/div><\/div><h4 class=\"kd_counter_number\"><span class=\"kd_number_string\"  data-from=\"0\" data-to=\"40000000\" data-refresh-interval=\"50\" >0<\/span>\n                                  <span class=\"kd_counter_units\" >de euros generados a clientes<\/span><\/h4><\/div><\/div>[\/vc_column_inner][vc_column_inner width=&#8221;1\/4&#8243;]<div class=\"kd_counter icon-top   \" ><div class=\"kd_counter_content\"><div class=\"kd_counter_icon\"><div class=\"kd-counter-icon\"><i class=\"iconsmind-Love-User iconsmind-People\" style=\"  \"><\/i><\/div><\/div><h4 class=\"kd_counter_number\"><span class=\"kd_number_string\"  data-from=\"0\" data-to=\"500\" data-refresh-interval=\"50\" >0<\/span>\n                                  <span class=\"kd_counter_units\" >Anunciantes<\/span><\/h4><\/div><\/div>[\/vc_column_inner][vc_column_inner width=&#8221;1\/4&#8243;]<div class=\"kd_counter icon-top   \" ><div class=\"kd_counter_content\"><div class=\"kd_counter_icon\"><div class=\"kd-counter-icon\"><i class=\"iconsmind-Line-Chart iconsmind-Business-Finance\" style=\"  \"><\/i><\/div><\/div><h4 class=\"kd_counter_number\"><span class=\"kd_number_string\"  data-from=\"0\" data-to=\"3000000\" data-refresh-interval=\"50\" >0<\/span>\n                                  <span class=\"kd_counter_units\" >Usuarios \u00fanicos mensuales<\/span><\/h4><\/div><\/div>[\/vc_column_inner][\/vc_row_inner][\/vc_column][\/vc_row][vc_row full_width=&#8221;stretch_row&#8221; css=&#8221;.vc_custom_1652075402861{margin-top: 20px !important;margin-bottom: 20px !important;padding-top: 20px !important;padding-bottom: 20px !important;}&#8221;][vc_column][vc_empty_space height=&#8221;15px&#8221;]<header class=\"kd-section-title col-lg-12 text-center  kd-animated fadeIn   vc_custom_1652083076372\" data-animation-delay=200><h4 class=\"separator_off\" >Partners oficiales<\/h4><\/header><div class=\"slider clients grayscale-effect kd-client-69e02085d3eb7  \"><div class=\"clients-content \" ><\/div><div class=\"clients-content \" ><\/div><div class=\"clients-content \" ><\/div><\/div><script type=\"text\/javascript\">\r\n              jQuery(document).ready(function($){\r\n                if ($(\".slider.clients.kd-client-69e02085d3eb7\").length) {\r\n                  $(\".slider.clients.kd-client-69e02085d3eb7\").owlCarousel({\r\n                    stageClass: \"owl-wrapper\",\r\n                    stageOuterClass: \"owl-wrapper-outer\",\r\n                    loadedClass: \"owl-carousel\",\r\n                    responsiveClass:true,\r\n                    responsive:{\r\n                      0:{\r\n                          items:1,dots: false,},\r\n                      415:{\r\n                          items:3,dots: false,},\r\n                      960:{\r\n                          items:3,dots: false,}\r\n                    },\r\n                  });\r\n                }\r\n              });\r\n            <\/script>[vc_empty_space height=&#8221;15px&#8221;][\/vc_column][\/vc_row][vc_row full_width=&#8221;stretch_row&#8221; css=&#8221;.vc_custom_1556018513487{padding-top: 0px !important;padding-bottom: 0px !important;}&#8221;][vc_column]<div class=\"kd-calltoaction no_icon \" >\n                <div class=\"container\">\n                  <div class=\"cta-text-container \" ><div class=\"cta-text\">\n                        <h3 >\u00bfNecesitas una campa\u00f1a a medida?<\/h3><p >Nuestro equipo pone su experiencia a tu disposici\u00f3n para realizar integralmente tu campa\u00f1a de captaci\u00f3n de leads. Creamos formularios a medida para tu proyecto, completamente automatizados y con la posibilidad de generar documentos interactivos en funci\u00f3n de las respuestas de tu audiencia.<\/p>\n<p>Integramos el formulario v\u00eda API con tu CRM o ponemos a tu disposici\u00f3n nuestra tecnolog\u00eda de visibilizaci\u00f3n y reimpacto. Adem\u00e1s, podemos encargarnos de visibilizar tu campa\u00f1a en los mejores sites a nivel mundial.<\/p><\/div>\n                    <\/div>\n                    <div class=\"cta-btncontainer\"><a href=\"#escribenos\"  title=\"\" class=\"tt_button tt_secondary_button button-action-link btn_primary_color \" >Contacta con nosotros<\/a><\/div>\n                <\/div>\n            <\/div>[\/vc_column][\/vc_row][vc_row full_width=&#8221;stretch_row&#8221; css=&#8221;.vc_custom_1652083477862{margin-top: 20px !important;margin-bottom: 20px !important;border-top-width: 1px !important;border-bottom-width: 1px !important;padding-top: 20px !important;padding-bottom: 20px !important;}&#8221;][vc_column][vc_empty_space height=&#8221;15px&#8221;]<header class=\"kd-section-title col-lg-12 text-center  kd-animated fadeIn   vc_custom_1652093857193\" data-animation-delay=200><h4 class=\"separator_off\" >Visto en:<\/h4><\/header><div class=\"slider clients grayscale-effect kd-client-69e02085d4a30  \"><div class=\"clients-content \" ><\/div><div class=\"clients-content \" ><\/div><div class=\"clients-content \" ><\/div><div class=\"clients-content \" ><\/div><div class=\"clients-content \" ><\/div><div class=\"clients-content \" ><\/div><div class=\"clients-content \" ><\/div><\/div><script type=\"text\/javascript\">\r\n              jQuery(document).ready(function($){\r\n                if ($(\".slider.clients.kd-client-69e02085d4a30\").length) {\r\n                  $(\".slider.clients.kd-client-69e02085d4a30\").owlCarousel({\r\n                    stageClass: \"owl-wrapper\",\r\n                    stageOuterClass: \"owl-wrapper-outer\",\r\n                    loadedClass: \"owl-carousel\",\r\n                    responsiveClass:true,\r\n                    responsive:{\r\n                      0:{\r\n                          items:1,dots: false,},\r\n                      415:{\r\n                          items:3,dots: false,},\r\n                      960:{\r\n                          items:7,dots: false,}\r\n                    },\r\n                  });\r\n                }\r\n              });\r\n            <\/script>[\/vc_column][\/vc_row][vc_row full_width=&#8221;stretch_row&#8221; css=&#8221;.vc_custom_1652084561299{margin-top: -25px !important;}&#8221; el_id=&#8221;escribenos&#8221;][vc_column css=&#8221;.vc_custom_1516095762744{padding-right: 0px !important;padding-left: 0px !important;}&#8221;]<div class=\"kd-shapes shape_egg shape_left_pos kd-animated zoomIn\" style=\"bottom: -5em;width: 630px;height: 630px;opacity: -0.75;background-color: #f7a040;\" data-animation-delay=400><\/div>[vc_empty_space height=&#8221;15px&#8221;]<header class=\"kd-section-title col-lg-12 text-center  kd-animated fadeIn   vc_custom_1652080775189\" data-animation-delay=200><h2 class=\"separator_off\" >Contacta con nosotros<\/h2><\/header>[vc_row_inner css=&#8221;.vc_custom_1556019928500{padding-bottom: 73px !important;}&#8221;][vc_column_inner width=&#8221;1\/2&#8243; css=&#8221;.vc_custom_1556019967766{padding-top: 30px !important;padding-right: 70px !important;padding-left: 100px !important;}&#8221;][vc_custom_heading text=&#8221;Widileads&#8221; font_container=&#8221;tag:h3|text_align:left&#8221; use_theme_fonts=&#8221;yes&#8221; css_animation=&#8221;fadeIn&#8221;][vc_custom_heading text=&#8221;Email: info@widileads.com&#8221; font_container=&#8221;tag:h5|text_align:left&#8221; use_theme_fonts=&#8221;yes&#8221; css_animation=&#8221;fadeIn&#8221; css=&#8221;.vc_custom_1764000513349{margin-bottom: 5px !important;}&#8221;][vc_custom_heading text=&#8221;Tel\u00e9fono: +34 91 628 89 76&#8243; font_container=&#8221;tag:h5|text_align:left&#8221; use_theme_fonts=&#8221;yes&#8221; css_animation=&#8221;fadeIn&#8221;][vc_custom_heading text=&#8221;Calle Dubl\u00edn, 1, Las Rozas de Madrid<br \/>\n28232, Madrid, Espa\u00f1a&#8221; font_container=&#8221;tag:h6|text_align:left&#8221; use_theme_fonts=&#8221;yes&#8221; css_animation=&#8221;fadeIn&#8221;][\/vc_column_inner][vc_column_inner width=&#8221;1\/2&#8243; css=&#8221;.vc_custom_1515497653772{padding-right: 80px !important;padding-left: 50px !important;}&#8221;]<div class=\"kd-contact-form full-width-cf\" >\n<div class=\"wpcf7 no-js\" id=\"wpcf7-f5208-o1\" lang=\"en-US\" dir=\"ltr\" data-wpcf7-id=\"5208\">\n<div class=\"screen-reader-response\"><p role=\"status\" aria-live=\"polite\" aria-atomic=\"true\"><\/p> <ul><\/ul><\/div>\n<form action=\"\/index.php?rest_route=%2Fwp%2Fv2%2Fpages%2F7438#wpcf7-f5208-o1\" method=\"post\" class=\"wpcf7-form init\" aria-label=\"Contact form\" novalidate=\"novalidate\" data-status=\"init\">\n<div style=\"display: none;\">\n<input type=\"hidden\" name=\"_wpcf7\" value=\"5208\" \/>\n<input type=\"hidden\" name=\"_wpcf7_version\" value=\"6.0.3\" \/>\n<input type=\"hidden\" name=\"_wpcf7_locale\" value=\"en_US\" \/>\n<input type=\"hidden\" name=\"_wpcf7_unit_tag\" value=\"wpcf7-f5208-o1\" \/>\n<input type=\"hidden\" name=\"_wpcf7_container_post\" value=\"0\" \/>\n<input type=\"hidden\" name=\"_wpcf7_posted_data_hash\" value=\"\" \/>\n<input type=\"hidden\" name=\"_wpcf7_recaptcha_response\" value=\"\" \/>\n<\/div>\n<p><span class=\"wpcf7-form-control-wrap\" data-name=\"your-name\"><input size=\"40\" maxlength=\"400\" class=\"wpcf7-form-control wpcf7-text wpcf7-validates-as-required\" aria-required=\"true\" aria-invalid=\"false\" placeholder=\"Nombre\" value=\"\" type=\"text\" name=\"your-name\" \/><\/span><br \/>\n<span class=\"wpcf7-form-control-wrap\" data-name=\"your-email\"><input size=\"40\" maxlength=\"400\" class=\"wpcf7-form-control wpcf7-email wpcf7-validates-as-required wpcf7-text wpcf7-validates-as-email\" aria-required=\"true\" aria-invalid=\"false\" placeholder=\"Email\" value=\"\" type=\"email\" name=\"your-email\" \/><\/span><br \/>\n<span class=\"wpcf7-form-control-wrap\" data-name=\"your-message\"><textarea cols=\"40\" rows=\"10\" maxlength=\"2000\" class=\"wpcf7-form-control wpcf7-textarea wpcf7-validates-as-required\" aria-required=\"true\" aria-invalid=\"false\" placeholder=\"Mensaje\" name=\"your-message\"><\/textarea><\/span><br \/>\n<br \/>\n<input class=\"wpcf7-form-control wpcf7-submit has-spinner\" type=\"submit\" value=\"Enviar Mensaje\" \/>\n<\/p><div class=\"wpcf7-response-output\" aria-hidden=\"true\"><\/div>\n<\/form>\n<\/div>\n<\/div>[\/vc_column_inner][\/vc_row_inner][\/vc_column][\/vc_row]<\/p>\n","protected":false},"excerpt":{"rendered":"<p>[vc_row][vc_column][rev_slider_vc alias=&#8221;web-design-slider&#8221;][\/vc_column][\/vc_row][vc_row full_width=&#8221;stretch_row&#8221;][vc_column css=&#8221;.vc_custom_1516008460883{padding-right: 0px !important;padding-left: 0px !important;}&#8221;][vc_row_inner css=&#8221;.vc_custom_1541423133254{margin-bottom: 60px !important;padding-top: 100px !important;}&#8221;][vc_column_inner width=&#8221;1\/3&#8243; css=&#8221;.vc_custom_1540559965344{padding-right: 50px !important;}&#8221;][\/vc_column_inner][vc_column_inner width=&#8221;1\/3&#8243; css=&#8221;.vc_custom_1540560004400{padding-right: 50px [&hellip;]<\/p>\n","protected":false},"author":1,"featured_media":0,"parent":0,"menu_order":0,"comment_status":"closed","ping_status":"closed","template":"","meta":{"footnotes":""},"class_list":["post-7438","page","type-page","status-publish","hentry"],"_links":{"self":[{"href":"https:\/\/widileads.com\/index.php?rest_route=\/wp\/v2\/pages\/7438","targetHints":{"allow":["GET"]}}],"collection":[{"href":"https:\/\/widileads.com\/index.php?rest_route=\/wp\/v2\/pages"}],"about":[{"href":"https:\/\/widileads.com\/index.php?rest_route=\/wp\/v2\/types\/page"}],"author":[{"embeddable":true,"href":"https:\/\/widileads.com\/index.php?rest_route=\/wp\/v2\/users\/1"}],"replies":[{"embeddable":true,"href":"https:\/\/widileads.com\/index.php?rest_route=%2Fwp%2Fv2%2Fcomments&post=7438"}],"version-history":[{"count":95,"href":"https:\/\/widileads.com\/index.php?rest_route=\/wp\/v2\/pages\/7438\/revisions"}],"predecessor-version":[{"id":7694,"href":"https:\/\/widileads.com\/index.php?rest_route=\/wp\/v2\/pages\/7438\/revisions\/7694"}],"wp:attachment":[{"href":"https:\/\/widileads.com\/index.php?rest_route=%2Fwp%2Fv2%2Fmedia&parent=7438"}],"curies":[{"name":"wp","href":"https:\/\/api.w.org\/{rel}","templated":true}]}}